{"id":3,"date":"2023-12-20T20:39:05","date_gmt":"2023-12-20T20:39:05","guid":{"rendered":"https:\/\/topoms.com\/blog\/?page_id=3"},"modified":"2026-02-20T18:27:08","modified_gmt":"2026-02-20T17:27:08","slug":"politika-privatnosti","status":"publish","type":"page","link":"https:\/\/topoms.com\/rs\/politika-privatnosti\/","title":{"rendered":"Politika privatnosti"},"content":{"rendered":"\r\n<p><strong>\u00a0POLITIKA PRIVATNOSTI<\/strong><\/p>\r\n<p><strong><u>\u00a0<\/u><\/strong><\/p>\r\n<p><strong><u>KO SMO MI?<\/u><\/strong><\/p>\r\n<p>Vlasnik platforme https:\/\/topoms.com\/rs\/ je privredno dru\u0161tvo TOPOMS D.O.O. BEOGRAD-Zvezdara, MB22099833, PIB114983675, koga zastupa Ivan Avramovi\u0107, kontakt telefon +381628592911 e-mail adresa: info@topoms.com.<\/p>\r\n<p>TOPOMS D.O.O. BEOGRAD je rukovalac Va\u0161ih li\u010dnih podataka i odgovoran za obradu i \u010duvanje Va\u0161ih li\u010dnih podataka.<\/p>\r\n<p>&nbsp;<\/p>\r\n<p>Mi po\u0161tujemo Va\u0161u privatnost i bri\u017eno \u010duvamo Va\u0161e li\u010dne podatke. U ovoj Politici \u00a0obave\u0161tavamo Vas o li\u010dnim podacima koje od Vas prikupljamo, za koje svrhe i po kom pravnom osnovu, sigurnosne mere kojima ih \u0161titimo, lica s kojima ih delimo, rok u kojem ih \u010duvamo, kao i Va\u0161a prava u vezi sa za\u0161titom li\u010dnih podataka.<br \/>\u00a0\u00a0\u00a0\u00a0\u00a0\u00a0\u00a0\u00a0\u00a0\u00a0\u00a0<\/p>\r\n<p>Ova Politika se primenjuje za:<\/p>\r\n<p><br \/>1) sve posetioce na\u0161e platforme<\/p>\r\n<p>2) sve korisnike na\u0161e platforme.<\/p>\r\n<p>&nbsp;<\/p>\r\n<p>U slu\u010daju da u vezi s kori\u0161\u0107enjem ove Politike ili u vezi sa ostvarivanjem va\u0161ih prava, koja proizilaze iz ove Politike, imate bilo kakvo pitanje, obratite nam se na e-mail adresu: info@topoms.com sa oznakom \u201c Za\u0161tita li\u010dnih podataka\u201d.<\/p>\r\n<p>&nbsp;<\/p>\r\n<p><strong><u>\u00a0OSNOVNI POJMOVI<\/u><\/strong><\/p>\r\n<p>Svaki pojedina\u010dni dole odre\u0111eni pojam ima u okviru ove Politike svrhu, kao \u0161to je odre\u0111ena u ovom poglavlju:<\/p>\r\n<ul>\r\n<li><strong>Li\u010dni podaci<\/strong>zna\u010de bilo koju informaciju, na osnovu koje se mo\u017ee odrediti pojedinac (ovde spadaju npr. ime, prezime, e-mail, IP adresa, broj kreditne kartice);<\/li>\r\n<li><strong>Posetilac \u2013 <\/strong>ozna\u010dava lica koja dolaze na na\u0161u stranicu, bez kreiranja korisni\u010dkog naloga;<\/li>\r\n<li><strong>Korisnik \u2013<\/strong> ozna\u010dava lica koja koriste usluge na\u0161eg servisa;<\/li>\r\n<li><strong>Obrada<\/strong>predstavlja radnje prikupljanja, bele\u017eenja, razvrstavanja, grupisanja, odnosno strukturisanje, pohranjivanje, upodobljavanje ili menjanje, otkrivanje, uvid, upotreba, otkrivanje prenosom, odnosno dostavljanjem, umno\u017eavanje, \u0161irenje ili na drugi na\u010din \u010dinjenje dostupnim, upore\u0111ivanje, ograni\u010davanje, brisanje ili uni\u0161tavanje li\u010dnih podataka;<\/li>\r\n<li><strong>Usluga \u2013 <\/strong>usluga informacionog dru\u0161tva \u2013 softversko re\u0161enje za efikasno upravljanje porud\u017ebinom od njenog nastanka do isporuke krajnjem kupcu.<\/li>\r\n<\/ul>\r\n<p><strong><u>\u00a0<\/u><\/strong><\/p>\r\n<p><strong><u>VRSTA PODATAKA O LI\u010cNOSTI KOJE PRIKUPLJAMO<\/u><\/strong><\/p>\r\n<p>Platforma od Vas prikuplja slede\u0107e li\u010dne podatke:<\/p>\r\n<p>ime, prezime, emeil adresa, broj telefona, broj kreditne kartice, IP adresu.<\/p>\r\n<p>&nbsp;<\/p>\r\n<p>Ukoliko se odlu\u010dite za opciju \u201cKontaktirajte nas\u201d,\u00a0 tra\u017ei\u0107emo od Vas identifikacione podatke: Ime, i broj telefona.<\/p>\r\n<p>&nbsp;<\/p>\r\n<p>Ukoliko se odlu\u010dite da koristite na\u0161e usluge, za potrebe formiranja korisni\u010dkog naloga pikuplja\u0107emo od Vas: Ime, prezime, email adresu, broj telefona i broj kreditne kartice.<\/p>\r\n<p>&nbsp;<\/p>\r\n<p><strong><u>NA\u010cIN, SVRHA OBRADE I\u00a0 PRAVNI OSNOV ZA PRIKUPLJANJE PODATAKA<\/u><\/strong><\/p>\r\n<p>&nbsp;<\/p>\r\n<p>U cilju davanja odgovora na Va\u0161e upite, putem kontakt forme od Vas \u0107emo prikupljati, direktno slede\u0107e podatke: ime, i broj telefona. Pravni osnov obrade je Va\u0161 pristanak.<\/p>\r\n<p>&nbsp;<\/p>\r\n<p>U cilju formiranja korisni\u010dkog naloga, kori\u0161\u0107enja na\u0161ih usluga, naplate na\u0161ih usluga, korisni\u010dke podr\u0161ke i komunikacije sa klijentima, prikupljamo i obra\u0111ujemo Va\u0161e li\u010dne podatke: ime, prezime, email adresu, broj telefona i broj kreditne kartice. Pravni osnov: Obrada je neophodna za izvr\u0161enje ugovora zaklju\u010denog sa licem na koje se podaci odnose ili za preduzimanje radnji, na zahtev lica na koje se podaci odnose, pre zaklju\u010denja ugovora.<\/p>\r\n<p>&nbsp;<\/p>\r\n<p>U cilju informisanja na\u0161ih klijenta u vezi sa platformom obra\u0111ujemo: ime,prezime, broj telefona i email adresu. Pravni osnov obrade je legitimni interes Rukovaoca.<\/p>\r\n<p>&nbsp;<\/p>\r\n<p><strong><u>KORISNICI I PRIMAOCI PODATAKA<\/u><\/strong><\/p>\r\n<p>Pristup i obradu Va\u0161ih podataka vr\u0161i\u0107e lica zaposlena u TOPOMS D.O.O. BEOGRAD, kao vlasniku Platforme.<\/p>\r\n<p>&nbsp;<\/p>\r\n<p>Va\u0161e podatke mo\u017eemo deliti sa tre\u0107im licima ukoliko za to budemo u obavezi prema zakonu ili na osnovu sudske odluke.<\/p>\r\n<p>&nbsp;<\/p>\r\n<p>Svi primaoci Va\u0161ih li\u010dnih podataka su u obavezi da preduzmu sve odgovaraju\u0107e tehni\u010dke, organizacione i kadrovske mere, kako bi osigurali bezbednost Va\u0161ih li\u010dnih podataka.<\/p>\r\n<p>&nbsp;<\/p>\r\n<p>Naplata na\u0161ih usluga vr\u0161i\u0107e se preko All Secure d.o.o. frime. Molimo Vas da se informi\u0161ete o njihovoj <a href=\"https:\/\/www.allsecure.rs\/legal\/politika-privatnosti\/\">Politici privatnosti<\/a>.<\/p>\r\n<p>&nbsp;<\/p>\r\n<p><strong><u>VREME \u010cUVANJA VA\u0160IH PODATAKA<\/u><\/strong><\/p>\r\n<p>Va\u0161e li\u010dne podatke koje obra\u0111ujemo na osnovu pristanka, zadr\u017eavamo sve dok ne opozovete dat pristanak. Nakon opoziva, Va\u0161e podatke bri\u0161emo \u00a0u roku od mesec dana.<\/p>\r\n<p>&nbsp;<\/p>\r\n<p>Va\u0161e li\u010dne podatke koje obra\u0111ujemo na osnovu izvr\u0161enja ugovora \u010duvamo za \u010ditav period trajanja Ugovora, kao i 2 godine nakon prestanka istog. Finansijske podatke du\u017eni smo da \u010duvamo u periodu od 5 godina.<\/p>\r\n<p>&nbsp;<\/p>\r\n<p><strong><u>ZA\u0160TITA VA\u0160IH LI\u010cNIH PODATAKA<\/u><\/strong><\/p>\r\n<p>Platforma \u0161titi Va\u0161e podatke kori\u0161\u0107enjem slede\u0107ih mera za\u0161tite:<\/p>\r\n<ol>\r\n<li>Va\u0161e li\u010dne podatke \u010duvamo na privatnom i za\u0161ti\u0107enom serveru, kao i u privatnoj, za\u0161ti\u0107enoj bazi kompanije. Pratimo op\u0161te prihvac\u0301ene industrijske standarde da bismo za\u0161titili li\u010dne podatke koji su nam dostavljeni, i tokom prenosa i nakon njihovog prijema, kao \u0161to su razne bezbednosne tehnologije i postupci u cilju spre\u010davanja gubitka, zloupotrebe, neovla\u0161c\u0301enog pristupa ili otkrivanja informacija Na\u017ealost, nijedan na\u010din prenosa putem Interneta ili na\u010din elektronskog skladi\u0161tenja nije 100% siguran. Redovno pratimo na\u0161e sisteme radi moguc\u0301ih ranjivosti i napada. Me\u0111utim, ne mo\u017eemo garantovati sigurnost bilo kog podatka koji nam po\u0161aljete. Stoga, iako se trudimo da za\u0161titimo Va\u0161e li\u010dne podatke, ne mo\u017eemo garantovati njegovu apsolutnu sigurnost.<\/li>\r\n<li>Radi sigurnosti va\u0161ih li\u010dnih podataka smo usvojili odgovaraju\u0107e tehni\u010dke i organizacione mere, gde spadaju naro\u010dito:<\/li>\r\n<\/ol>\r\n<ul>\r\n<li>redovno i efikasno a\u017euriranje programske i ra\u010dunarske opreme, gde \u010duvamo va\u0161e li\u010dne<br \/>podatke,<\/li>\r\n<li>za\u0161tita pristupa li\u010dnim podacima,<\/li>\r\n<li>izrade sigurnosnih kopija,<\/li>\r\n<li>obrazovanje zaposlenih, koji u okviru svog rada obra\u0111uju li\u010dne podatke,<\/li>\r\n<li>nadzor i odgovaraju\u0107e preduzimanje mera u slu\u010daju eventualnih sigurnosnih incidenata, kojima spre\u010davamo ili ograni\u010davamo nastanak \u0161tete za li\u010dne podatke.<\/li>\r\n<\/ul>\r\n<p>&nbsp;<\/p>\r\n<p><strong><u>\u00a0VA\u0160A PRAVA<\/u><\/strong><\/p>\r\n<p>U pogledu obrade li\u010dnih podataka imate slede\u0107a prava:<\/p>\r\n<ol>\r\n<li><strong><u>d<\/u><\/strong><strong><u>a Vam omogu\u0107imo pristup va\u0161im podacima o li\u010dnosti<\/u><\/strong><\/li>\r\n<\/ol>\r\n<p>U svakom trenutku imate pravo da od nas zahtevate da pristupite podacima o li\u010dnosti, dobijete informaciju u koju svrhu se podaci koriste i obra\u0111uju, kategoriju va\u0161ih podataka o li\u010dnosti koje \u010duvamo, period tokom kojeg obra\u0111ujemo i \u010duvamo Va\u0161e podatke. Isto tako od nas mo\u017eete dobiti informaciju o tre\u0107oj i kategoriji tre\u0107e strane sa kojima delimo Va\u0161e podatke;<\/p>\r\n<ol start=\"2\">\r\n<li><strong><u>da Vam damo kopiju podataka o li\u010dnosti koje obra\u0111ujemo<\/u><\/strong><\/li>\r\n<\/ol>\r\n<p>Imate pravo da od nas zahtevate da Vam damo kopiju pojedinih ili svih podataka o li\u010dnosti koje obra\u0111ujemo. Kopiju Vam mo\u017eemo dostaviti elektronskim putem, uobi\u010dajeno kori\u0161\u0107enom elektronskom obliku, osim ukoliko ne zahtevate Vam se kopija dostavi na drugi na\u010din.<\/p>\r\n<ol start=\"3\">\r\n<li><strong><u>da zahtevate ispravku i dopunu va\u0161ih podataka o li\u010dnosti<\/u><\/strong><\/li>\r\n<\/ol>\r\n<p>Bitno nam je da su Va\u0161i podaci ta\u010dni i potpuni. Imate pravo da zahtevate da se Va\u0161i neta\u010dno uneti podaci bez odlaganje izbri\u0161u odnosno isprave kao i da tra\u017eite od nas da Vam ih dopunimo i a\u017euriramo ukoliko su zastareli;<\/p>\r\n<ol start=\"4\">\r\n<li><strong><u>da zahtevate brisanje podataka o li\u010dnosti<\/u><\/strong><\/li>\r\n<\/ol>\r\n<p>U slu\u010daju da \u017eelite da se va\u0161i podaci obri\u0161u odnosno \u017eelite da prekinemo obradu istih mo\u017eete nam se obratiti. U slu\u010daju da su va\u0161i podaci neophodni da bi se izvr\u0161ile ugovorne obaveze prema Vama a zatra\u017eite brisanje podataka, skre\u0107emo pa\u017enju da u tom slu\u010daju ugovorne obaveze mo\u017eda ne\u0107e biti ispunjene.<\/p>\r\n<ol start=\"5\">\r\n<li><strong><u>da ograni\u010dite obradu Va\u0161ih podataka o li\u010dnosti nama ili tre\u0107oj strani u odre\u0111enom delu ili u potpunosti u slu\u010daju:<\/u><\/strong><\/li>\r\n<\/ol>\r\n<p>da osporavate ta\u010dnost podataka o li\u010dnosti koji se na Vas odnose, u slu\u010daju da je obrada nezakonita a Vi se protivite brisanju i zahtevate oganji\u010denje upotrebe, ukoliko nam vi\u0161e nisu potrebni ali ih vi tra\u017eite u cilju podno\u0161enja,ostvarivanja ili odbrane pravnog zahteva, ukoliko ste podneli prigovor na obradu podataka u skladu sa \u010dlanom 37. stav 1. Zakona o za\u0161titi podataka li\u010dnosti a u toku je procenjivanje da li pravni osnov za obradu od strane rukovaoca prete\u017ee nad va\u0161im interesima.<\/p>\r\n<ol start=\"6\">\r\n<li><strong><u>da podnesete pravo na prigovor<\/u><\/strong><\/li>\r\n<\/ol>\r\n<p>Jako je va\u017eno da znate, da u svakom trenutku imate pravo da podnesete prigovor na obradu Va\u0161ih podataka. Isto tako imate pravo da u svakom trenutku podnesete prigovor na obradu Va\u0161ih podataka o li\u010dnosti koji se obra\u0111uju za potrebe direktnog ogla\u0161avanja, uklju\u010duju\u0107i i profilisanje u meri u kojoj je ono povezano da takvim direktnim ogla\u0161avanjem.<\/p>\r\n<ol start=\"7\">\r\n<li><strong> <u>d<\/u><\/strong><strong><u>a prenesete svoje podatke drugom rukovaocu<\/u><\/strong><\/li>\r\n<\/ol>\r\n<p><strong>\u00a0<\/strong>Ukoliko se obrada podataka vr\u0161i na osnovu va\u0161eg pristanka ili se obrada vr\u0161i automatizovano imate pravo da tra\u017eite od na\u0161e ustanove da se Va\u0161i podaci o li\u010dnosti prebace drugom rukovaocu.<\/p>\r\n<ol start=\"8\">\r\n<li><strong>8<\/strong>. <strong><u>da opozovete pristanak za obradu va\u0161ih podataka o li\u010dnosti<\/u><\/strong><\/li>\r\n<\/ol>\r\n<p>Kada se obrada vr\u0161i na osnovu Va\u0161eg pristanka u svakom trenutku imate pravo da ga opozovete. Skre\u0107emo pa\u017enju da u slu\u010daju da opozovete Va\u0161 pristanak opoziv ne uti\u010de na dopu\u0161tenost obrade koja je vr\u0161ena na osnovu va\u0161eg pristanka pre opoziva.<\/p>\r\n<ol start=\"9\">\r\n<li><u><strong>da podnesete tu\u017ebu Povereniku<\/strong><\/u><\/li>\r\n<\/ol>\r\n<p>U slu\u010daju da smatrate da se obrada podataka vr\u0161i suprotno Zakonu imate pravo na podno\u0161enje pritu\u017ebe Povereniku za za\u0161titu podataka li\u010dnosti.<\/p>\r\n<p><u>\u00a0<\/u><\/p>\r\n<p>Napred pobrojana prava mo\u017eete ostvariti kontaktiranjem na e-mail adresu: info@topoms.com<\/p>\r\n<p><strong><u>NADLE\u017dNI ORGAN<\/u><\/strong><\/p>\r\n<p>Nadle\u017eni organ za za\u0161titu podataka o li\u010dnosti je Poverenik za informacije od javnog zna\u010daja i za\u0161titu podataka o li\u010dnosti Republike Srbije. Organu se mo\u017eete obratiti na adresi Bulevar kralja Aleksandra broj 15, 11000 Beograd, Republika Srbija ili e mailom na <a href=\"mailto:office@poverenik.rs\">office@poverenik.rs<\/a> ili telefonom na +381 11 3408 900.<\/p>\r\n<p><strong><u>\u00a0<\/u><\/strong><\/p>\r\n<p><strong>ZAVR\u0160NE ODREDBE<\/strong><\/p>\r\n<p>Ova Politika se primenjuje od 01.01.2025 godine. U slu\u010daju promena o tome \u0107emo vas prethodno obavestiti.Smatra se da ste saglasni sa novom verzijom ove Politike, ako nastavite sa kori\u0161\u0107enjem na\u0161eg portala koje odre\u0111uje ova Politika, s obzirom da na snagu stupu nova verzija ove Politike<strong>.<\/strong><\/p>\r\n","protected":false},"excerpt":{"rendered":"<p>\u00a0POLITIKA PRIVATNOSTI \u00a0 KO SMO MI? Vlasnik platforme https:\/\/topoms.com\/rs\/ je privredno dru\u0161tvo TOPOMS D.O.O. BEOGRAD-Zvezdara, MB22099833, PIB114983675, koga zastupa Ivan Avramovi\u0107, kontakt telefon +381628592911 e-mail adresa: info@topoms.com. TOPOMS D.O.O. BEOGRAD&#8230;<\/p>\n","protected":false},"author":1,"featured_media":0,"parent":0,"menu_order":0,"comment_status":"closed","ping_status":"open","template":"","meta":{"footnotes":""},"class_list":["post-3","page","type-page","status-publish"],"_links":{"self":[{"href":"https:\/\/topoms.com\/rs\/wp-json\/wp\/v2\/pages\/3","targetHints":{"allow":["GET"]}}],"collection":[{"href":"https:\/\/topoms.com\/rs\/wp-json\/wp\/v2\/pages"}],"about":[{"href":"https:\/\/topoms.com\/rs\/wp-json\/wp\/v2\/types\/page"}],"author":[{"embeddable":true,"href":"https:\/\/topoms.com\/rs\/wp-json\/wp\/v2\/users\/1"}],"replies":[{"embeddable":true,"href":"https:\/\/topoms.com\/rs\/wp-json\/wp\/v2\/comments?post=3"}],"version-history":[{"count":2,"href":"https:\/\/topoms.com\/rs\/wp-json\/wp\/v2\/pages\/3\/revisions"}],"predecessor-version":[{"id":1474,"href":"https:\/\/topoms.com\/rs\/wp-json\/wp\/v2\/pages\/3\/revisions\/1474"}],"wp:attachment":[{"href":"https:\/\/topoms.com\/rs\/wp-json\/wp\/v2\/media?parent=3"}],"curies":[{"name":"wp","href":"https:\/\/api.w.org\/{rel}","templated":true}]}}